{"id":789,"date":"2020-01-24T22:52:36","date_gmt":"2020-01-24T21:52:36","guid":{"rendered":"https:\/\/azerinternational.com\/?page_id=789"},"modified":"2020-01-30T21:47:04","modified_gmt":"2020-01-30T20:47:04","slug":"conseil","status":"publish","type":"page","link":"https:\/\/azerinternational.com\/en\/nos-services\/conseil\/","title":{"rendered":"Conseil"},"content":{"rendered":"<p style=\"text-align: justify;\">La plateforme conseil est d\u00e9di\u00e9e en grande partie au suivi du projet client. Il s&#8217;agit de permettre au client de choisir la prestation la plus adapt\u00e9e \u00e0 son objectif (traduction simple ou certifi\u00e9e\/asserment\u00e9e), de le conseiller dans ses d\u00e9marches administratives (n\u00e9cessit\u00e9 de l\u00e9galisation ou apposition d&#8217;apostille avant traduction, certification par la CCI ou le MAE) et de permettre un \u00e9change d&#8217;informations entre le traducteur, le correcteur et le client afin de rectifier, mettre en forme ou tout simplement r\u00e9\u00e9diter l&#8217;int\u00e9gralit\u00e9 du document. En effet, le cabinet place la satisfaction client au plus haut de ses priorit\u00e9s en consacrant du temps aux discussions pour atteindre plus rapidement les objectifs clients.<\/p>\n","protected":false},"excerpt":{"rendered":"<p>La plateforme conseil est d\u00e9di\u00e9e en grande partie au suivi du projet client. Il s&#8217;agit de permettre au client de choisir la prestation la plus adapt\u00e9e \u00e0 son objectif (traduction simple ou certifi\u00e9e\/asserment\u00e9e), de le conseiller dans ses d\u00e9marches administratives (n\u00e9cessit\u00e9 de l\u00e9galisation ou apposition d&#8217;apostille avant traduction, certification par la CCI ou le MAE)&hellip;<\/p>\n","protected":false},"author":1,"featured_media":0,"parent":566,"menu_order":1,"comment_status":"closed","ping_status":"closed","template":"","meta":{"two_page_speed":[],"footnotes":""},"class_list":["post-789","page","type-page","status-publish","hentry"],"_links":{"self":[{"href":"https:\/\/azerinternational.com\/en\/wp-json\/wp\/v2\/pages\/789","targetHints":{"allow":["GET"]}}],"collection":[{"href":"https:\/\/azerinternational.com\/en\/wp-json\/wp\/v2\/pages"}],"about":[{"href":"https:\/\/azerinternational.com\/en\/wp-json\/wp\/v2\/types\/page"}],"author":[{"embeddable":true,"href":"https:\/\/azerinternational.com\/en\/wp-json\/wp\/v2\/users\/1"}],"replies":[{"embeddable":true,"href":"https:\/\/azerinternational.com\/en\/wp-json\/wp\/v2\/comments?post=789"}],"version-history":[{"count":2,"href":"https:\/\/azerinternational.com\/en\/wp-json\/wp\/v2\/pages\/789\/revisions"}],"predecessor-version":[{"id":835,"href":"https:\/\/azerinternational.com\/en\/wp-json\/wp\/v2\/pages\/789\/revisions\/835"}],"up":[{"embeddable":true,"href":"https:\/\/azerinternational.com\/en\/wp-json\/wp\/v2\/pages\/566"}],"wp:attachment":[{"href":"https:\/\/azerinternational.com\/en\/wp-json\/wp\/v2\/media?parent=789"}],"curies":[{"name":"wp","href":"https:\/\/api.w.org\/{rel}","templated":true}]}}