{"id":768,"date":"2020-01-23T22:05:21","date_gmt":"2020-01-23T21:05:21","guid":{"rendered":"https:\/\/azerinternational.com\/?page_id=768"},"modified":"2020-01-24T15:58:48","modified_gmt":"2020-01-24T14:58:48","slug":"transcription","status":"publish","type":"page","link":"https:\/\/azerinternational.com\/en\/nos-services\/transcription\/","title":{"rendered":"Transcription"},"content":{"rendered":"<p>La plateforme consacr\u00e9e \u00e0 la transcription concerne les projets clients du type Audio-visuel. AzerInternational propose des tarifs modulables en fonction de la dur\u00e9e et de la qualit\u00e9 du support \u00e0 transcrire (vid\u00e9os ;\u00a0 \u00e9coutes t\u00e9l\u00e9phoniques; reportages\/courts m\u00e9trages). Un devis est fourni au client avec une option de r\u00e9vision et ou de montage des parties cibl\u00e9es.<\/p>\n","protected":false},"excerpt":{"rendered":"<p>La plateforme consacr\u00e9e \u00e0 la transcription concerne les projets clients du type Audio-visuel. AzerInternational propose des tarifs modulables en fonction de la dur\u00e9e et de la qualit\u00e9 du support \u00e0 transcrire (vid\u00e9os ;\u00a0 \u00e9coutes t\u00e9l\u00e9phoniques; reportages\/courts m\u00e9trages). Un devis est fourni au client avec une option de r\u00e9vision et ou de montage des parties cibl\u00e9es.<\/p>\n","protected":false},"author":1,"featured_media":0,"parent":566,"menu_order":2,"comment_status":"closed","ping_status":"closed","template":"","meta":{"two_page_speed":[],"footnotes":""},"class_list":["post-768","page","type-page","status-publish","hentry"],"_links":{"self":[{"href":"https:\/\/azerinternational.com\/en\/wp-json\/wp\/v2\/pages\/768","targetHints":{"allow":["GET"]}}],"collection":[{"href":"https:\/\/azerinternational.com\/en\/wp-json\/wp\/v2\/pages"}],"about":[{"href":"https:\/\/azerinternational.com\/en\/wp-json\/wp\/v2\/types\/page"}],"author":[{"embeddable":true,"href":"https:\/\/azerinternational.com\/en\/wp-json\/wp\/v2\/users\/1"}],"replies":[{"embeddable":true,"href":"https:\/\/azerinternational.com\/en\/wp-json\/wp\/v2\/comments?post=768"}],"version-history":[{"count":3,"href":"https:\/\/azerinternational.com\/en\/wp-json\/wp\/v2\/pages\/768\/revisions"}],"predecessor-version":[{"id":778,"href":"https:\/\/azerinternational.com\/en\/wp-json\/wp\/v2\/pages\/768\/revisions\/778"}],"up":[{"embeddable":true,"href":"https:\/\/azerinternational.com\/en\/wp-json\/wp\/v2\/pages\/566"}],"wp:attachment":[{"href":"https:\/\/azerinternational.com\/en\/wp-json\/wp\/v2\/media?parent=768"}],"curies":[{"name":"wp","href":"https:\/\/api.w.org\/{rel}","templated":true}]}}