{"id":600,"date":"2019-12-11T21:26:39","date_gmt":"2019-12-11T20:26:39","guid":{"rendered":"https:\/\/azerinternational.com\/?page_id=600"},"modified":"2020-01-30T17:48:57","modified_gmt":"2020-01-30T16:48:57","slug":"traduction","status":"publish","type":"page","link":"https:\/\/azerinternational.com\/en\/nos-services\/traduction\/","title":{"rendered":"Traduction"},"content":{"rendered":"<p style=\"text-align: justify;\">AzerInternational propose un service de traduction cibl\u00e9 pour diff\u00e9rents types de documents \u00e0 des prix comp\u00e9titifs. Du r\u00e9cit de vie, des documents administratifs (\u00e9tat civil, permis, convocations, livrets d&#8217;accueil) \u00e0 ceux juridiques (Notifications et CR des d\u00e9cisions de justices) mais \u00e9galement des documents techniques ou de parcours \u00e9ducatif (documents m\u00e9dicaux, brevets scientifiques; dipl\u00f4mes, m\u00e9moires).<\/p>\n","protected":false},"excerpt":{"rendered":"<p>AzerInternational propose un service de traduction cibl\u00e9 pour diff\u00e9rents types de documents \u00e0 des prix comp\u00e9titifs. Du r\u00e9cit de vie, des documents administratifs (\u00e9tat civil, permis, convocations, livrets d&#8217;accueil) \u00e0 ceux juridiques (Notifications et CR des d\u00e9cisions de justices) mais \u00e9galement des documents techniques ou de parcours \u00e9ducatif (documents m\u00e9dicaux, brevets scientifiques; dipl\u00f4mes, m\u00e9moires).<\/p>\n","protected":false},"author":1,"featured_media":0,"parent":566,"menu_order":4,"comment_status":"closed","ping_status":"closed","template":"","meta":{"two_page_speed":[],"footnotes":""},"class_list":["post-600","page","type-page","status-publish","hentry"],"_links":{"self":[{"href":"https:\/\/azerinternational.com\/en\/wp-json\/wp\/v2\/pages\/600","targetHints":{"allow":["GET"]}}],"collection":[{"href":"https:\/\/azerinternational.com\/en\/wp-json\/wp\/v2\/pages"}],"about":[{"href":"https:\/\/azerinternational.com\/en\/wp-json\/wp\/v2\/types\/page"}],"author":[{"embeddable":true,"href":"https:\/\/azerinternational.com\/en\/wp-json\/wp\/v2\/users\/1"}],"replies":[{"embeddable":true,"href":"https:\/\/azerinternational.com\/en\/wp-json\/wp\/v2\/comments?post=600"}],"version-history":[{"count":7,"href":"https:\/\/azerinternational.com\/en\/wp-json\/wp\/v2\/pages\/600\/revisions"}],"predecessor-version":[{"id":824,"href":"https:\/\/azerinternational.com\/en\/wp-json\/wp\/v2\/pages\/600\/revisions\/824"}],"up":[{"embeddable":true,"href":"https:\/\/azerinternational.com\/en\/wp-json\/wp\/v2\/pages\/566"}],"wp:attachment":[{"href":"https:\/\/azerinternational.com\/en\/wp-json\/wp\/v2\/media?parent=600"}],"curies":[{"name":"wp","href":"https:\/\/api.w.org\/{rel}","templated":true}]}}