{"id":569,"date":"2019-12-06T12:15:25","date_gmt":"2019-12-06T11:15:25","guid":{"rendered":"https:\/\/azerinternational.com\/?page_id=569"},"modified":"2020-01-30T22:12:22","modified_gmt":"2020-01-30T21:12:22","slug":"documents","status":"publish","type":"page","link":"https:\/\/azerinternational.com\/en\/nos-services\/documents\/","title":{"rendered":"Interpr\u00e9tariat"},"content":{"rendered":"<p style=\"text-align: justify;\">Le cabinet AzerInternational propose deux types de prestations: l\u2019interpr\u00e9tariat t\u00e9l\u00e9phonique et l&#8217;interpr\u00e9tariat par d\u00e9placement (physique), pour r\u00e9pondre essentiellement \u00e0 la demande dans les langues rares ou en tension. Dans ce cadre, l&#8217;interpr\u00e8te n&#8217;est pas seulement un interm\u00e9diaire linguistique, mais aussi un m\u00e9diateur culturel qui, fort de ses connaissances g\u00e9opolitiques et culturelles, permet \u00e0 ses interlocuteurs de d\u00e9passer les barri\u00e8res culturelles et linguistiques li\u00e9es aux origines des migrants.<\/p>\n","protected":false},"excerpt":{"rendered":"<p>Le cabinet AzerInternational propose deux types de prestations: l\u2019interpr\u00e9tariat t\u00e9l\u00e9phonique et l&#8217;interpr\u00e9tariat par d\u00e9placement (physique), pour r\u00e9pondre essentiellement \u00e0 la demande dans les langues rares ou en tension. Dans ce cadre, l&#8217;interpr\u00e8te n&#8217;est pas seulement un interm\u00e9diaire linguistique, mais aussi un m\u00e9diateur culturel qui, fort de ses connaissances g\u00e9opolitiques et culturelles, permet \u00e0 ses interlocuteurs&hellip;<\/p>\n","protected":false},"author":1,"featured_media":0,"parent":566,"menu_order":3,"comment_status":"closed","ping_status":"closed","template":"","meta":{"two_page_speed":[],"footnotes":""},"class_list":["post-569","page","type-page","status-publish","hentry"],"_links":{"self":[{"href":"https:\/\/azerinternational.com\/en\/wp-json\/wp\/v2\/pages\/569","targetHints":{"allow":["GET"]}}],"collection":[{"href":"https:\/\/azerinternational.com\/en\/wp-json\/wp\/v2\/pages"}],"about":[{"href":"https:\/\/azerinternational.com\/en\/wp-json\/wp\/v2\/types\/page"}],"author":[{"embeddable":true,"href":"https:\/\/azerinternational.com\/en\/wp-json\/wp\/v2\/users\/1"}],"replies":[{"embeddable":true,"href":"https:\/\/azerinternational.com\/en\/wp-json\/wp\/v2\/comments?post=569"}],"version-history":[{"count":7,"href":"https:\/\/azerinternational.com\/en\/wp-json\/wp\/v2\/pages\/569\/revisions"}],"predecessor-version":[{"id":836,"href":"https:\/\/azerinternational.com\/en\/wp-json\/wp\/v2\/pages\/569\/revisions\/836"}],"up":[{"embeddable":true,"href":"https:\/\/azerinternational.com\/en\/wp-json\/wp\/v2\/pages\/566"}],"wp:attachment":[{"href":"https:\/\/azerinternational.com\/en\/wp-json\/wp\/v2\/media?parent=569"}],"curies":[{"name":"wp","href":"https:\/\/api.w.org\/{rel}","templated":true}]}}