{"id":548,"date":"2019-11-23T21:20:17","date_gmt":"2019-11-23T20:20:17","guid":{"rendered":"https:\/\/azerinternational.com\/?page_id=548"},"modified":"2020-01-30T18:01:09","modified_gmt":"2020-01-30T17:01:09","slug":"moyen-orient","status":"publish","type":"page","link":"https:\/\/azerinternational.com\/en\/moyen-orient\/","title":{"rendered":"Moyen-Orient"},"content":{"rendered":"\n<p>La langue la plus parl\u00e9e sous ses diff\u00e9rentes d\u00e9clinaisons dialectales est l&#8217;arabe, mais nous noterons que le Moyen-Orient englobe aussi des pays non arabophones. Le cabinet propose ses services de traduction et d&#8217;interpr\u00e9tariat en langues arabe, turque, kurde (sorani, kurmandji, zaza), persan.<\/p>\n\n\n\n<p><\/p>\n\n\n\n<p><\/p>\n","protected":false},"excerpt":{"rendered":"<p>La langue la plus parl\u00e9e sous ses diff\u00e9rentes d\u00e9clinaisons dialectales est l&#8217;arabe, mais nous noterons que le Moyen-Orient englobe aussi des pays non arabophones. Le cabinet propose ses services de traduction et d&#8217;interpr\u00e9tariat en langues arabe, turque, kurde (sorani, kurmandji, zaza), persan.<\/p>\n","protected":false},"author":1,"featured_media":62,"parent":0,"menu_order":1,"comment_status":"closed","ping_status":"closed","template":"","meta":{"two_page_speed":[],"footnotes":""},"class_list":["post-548","page","type-page","status-publish","has-post-thumbnail","hentry"],"_links":{"self":[{"href":"https:\/\/azerinternational.com\/en\/wp-json\/wp\/v2\/pages\/548","targetHints":{"allow":["GET"]}}],"collection":[{"href":"https:\/\/azerinternational.com\/en\/wp-json\/wp\/v2\/pages"}],"about":[{"href":"https:\/\/azerinternational.com\/en\/wp-json\/wp\/v2\/types\/page"}],"author":[{"embeddable":true,"href":"https:\/\/azerinternational.com\/en\/wp-json\/wp\/v2\/users\/1"}],"replies":[{"embeddable":true,"href":"https:\/\/azerinternational.com\/en\/wp-json\/wp\/v2\/comments?post=548"}],"version-history":[{"count":5,"href":"https:\/\/azerinternational.com\/en\/wp-json\/wp\/v2\/pages\/548\/revisions"}],"predecessor-version":[{"id":613,"href":"https:\/\/azerinternational.com\/en\/wp-json\/wp\/v2\/pages\/548\/revisions\/613"}],"wp:featuredmedia":[{"embeddable":true,"href":"https:\/\/azerinternational.com\/en\/wp-json\/wp\/v2\/media\/62"}],"wp:attachment":[{"href":"https:\/\/azerinternational.com\/en\/wp-json\/wp\/v2\/media?parent=548"}],"curies":[{"name":"wp","href":"https:\/\/api.w.org\/{rel}","templated":true}]}}