{"id":428,"date":"2019-11-15T21:48:42","date_gmt":"2019-11-15T21:48:42","guid":{"rendered":"http:\/\/azerinternational.com\/?p=428"},"modified":"2020-01-30T18:02:17","modified_gmt":"2020-01-30T17:02:17","slug":"europe","status":"publish","type":"page","link":"https:\/\/azerinternational.com\/en\/europe\/","title":{"rendered":"Europe"},"content":{"rendered":"\n<p><strong><em>Europe occidentale :<\/em><\/strong> nous proposons nos services en espagnol, portugais, allemand, anglais, flamand ou n\u00e9erlandais, su\u00e9dois, danois, finlandais, norv\u00e9gien, italien, grec.<\/p>\n\n\n\n<p><strong><em>Europe de l&#8217;Est : <\/em><\/strong>Pareillement le cabinet poss\u00e8de des traducteurs-interpr\u00e8tes op\u00e9rationnels en  albanais, serbe, mac\u00e9donien, croate, tch\u00e8que, slovaque, slov\u00e8ne, polonais, hongrois, bulgare, roumain, moldave, bi\u00e9lorusse, ukrainien, russe.  <\/p>\n","protected":false},"excerpt":{"rendered":"<p>Europe occidentale : nous proposons nos services en espagnol, portugais, allemand, anglais, flamand ou n\u00e9erlandais, su\u00e9dois, danois, finlandais, norv\u00e9gien, italien, grec. Europe de l&#8217;Est : Pareillement le cabinet poss\u00e8de des traducteurs-interpr\u00e8tes op\u00e9rationnels en albanais, serbe, mac\u00e9donien, croate, tch\u00e8que, slovaque, slov\u00e8ne, polonais, hongrois, bulgare, roumain, moldave, bi\u00e9lorusse, ukrainien, russe.<\/p>\n","protected":false},"author":1,"featured_media":62,"parent":0,"menu_order":1,"comment_status":"closed","ping_status":"closed","template":"","meta":{"two_page_speed":[],"footnotes":""},"class_list":["post-428","page","type-page","status-publish","has-post-thumbnail","hentry"],"_links":{"self":[{"href":"https:\/\/azerinternational.com\/en\/wp-json\/wp\/v2\/pages\/428","targetHints":{"allow":["GET"]}}],"collection":[{"href":"https:\/\/azerinternational.com\/en\/wp-json\/wp\/v2\/pages"}],"about":[{"href":"https:\/\/azerinternational.com\/en\/wp-json\/wp\/v2\/types\/page"}],"author":[{"embeddable":true,"href":"https:\/\/azerinternational.com\/en\/wp-json\/wp\/v2\/users\/1"}],"replies":[{"embeddable":true,"href":"https:\/\/azerinternational.com\/en\/wp-json\/wp\/v2\/comments?post=428"}],"version-history":[{"count":7,"href":"https:\/\/azerinternational.com\/en\/wp-json\/wp\/v2\/pages\/428\/revisions"}],"predecessor-version":[{"id":830,"href":"https:\/\/azerinternational.com\/en\/wp-json\/wp\/v2\/pages\/428\/revisions\/830"}],"wp:featuredmedia":[{"embeddable":true,"href":"https:\/\/azerinternational.com\/en\/wp-json\/wp\/v2\/media\/62"}],"wp:attachment":[{"href":"https:\/\/azerinternational.com\/en\/wp-json\/wp\/v2\/media?parent=428"}],"curies":[{"name":"wp","href":"https:\/\/api.w.org\/{rel}","templated":true}]}}