{"id":425,"date":"2019-11-15T21:47:58","date_gmt":"2019-11-15T21:47:58","guid":{"rendered":"http:\/\/azerinternational.com\/?p=425"},"modified":"2020-01-30T18:05:42","modified_gmt":"2020-01-30T17:05:42","slug":"asie","status":"publish","type":"page","link":"https:\/\/azerinternational.com\/en\/asie\/","title":{"rendered":"Asie"},"content":{"rendered":"\n<p><strong><em>F\u00e9d\u00e9ration de Russie :<\/em><\/strong> Comprenant la Russie et 21 r\u00e9publiques subdivis\u00e9es en 4 groupes de langues distincts : caucasien du nord, turc, ouralien et mongol, elle est sources de flux migratoires internes, mais \u00e9galement vers l&#8217;UE, surtout dans une perspective d&#8217;am\u00e9lioration des conditions de vie socio-\u00e9conomique ainsi que pour des vis\u00e9es de perfectionnement du cursus acad\u00e9mique.  <\/p>\n\n\n\n<p>AzerInternational poss\u00e8de une plateforme r\u00e9active de traducteurs et interpr\u00e8tes afin de vous accompagner en langues russe, tch\u00e9tch\u00e8ne et ingouche. <\/p>\n\n\n\n<p><strong><em>Caucase du Sud :<\/em><\/strong> Le ratio taille de la zone g\u00e9ographique concern\u00e9e par le nombre de pays est petit compar\u00e9 aux autres territoires voisins de l&#8217;Asie.  Encore appel\u00e9 Petit Caucase, il comprend des populations  pratiquant des langues aux origines linguistiques contrast\u00e9es. L&#8217;entreprise poss\u00e8de l&#8217;ensemble du portfolio de langues officielles  des pays, \u00e0 savoir : l&#8217;az\u00e9ri, le g\u00e9orgien, l&#8217;arm\u00e9nien, le y\u00e9zidi.<\/p>\n\n\n\n<p><strong><em>Asie centrale:<\/em><\/strong> Ses territoires s&#8217;\u00e9tendent \u00e0 l&#8217;est de la Caspienne jusqu&#8217;aux confins ouest de la Mongolie, de la Chine et le Pakistan au sud. AzerInternational fournit ses services en ouzbek, kazakh, turkm\u00e8ne, kirghize, tadjik, pashto, dari, ou\u00efghour, mongol, cambodgien. <\/p>\n\n\n\n<p><strong><em>Asie du sud :<\/em><\/strong> AzerInternational dispose des traducteurs-interpr\u00e8tes de la zone g\u00e9ographique du sous-continent indien \u00e0 savoir : l&#8217;ourdou, le bengali, le pendjabi, le hindi, le tamoul et le cingalais.<\/p>\n\n\n<p><!--EndFragment--><\/p>","protected":false},"excerpt":{"rendered":"<p>F\u00e9d\u00e9ration de Russie : Comprenant la Russie et 21 r\u00e9publiques subdivis\u00e9es en 4 groupes de langues distincts : caucasien du nord, turc, ouralien et mongol, elle est sources de flux migratoires internes, mais \u00e9galement vers l&#8217;UE, surtout dans une perspective d&#8217;am\u00e9lioration des conditions de vie socio-\u00e9conomique ainsi que pour des vis\u00e9es de perfectionnement du cursus&hellip;<\/p>\n","protected":false},"author":1,"featured_media":62,"parent":0,"menu_order":1,"comment_status":"closed","ping_status":"closed","template":"","meta":{"two_page_speed":[],"footnotes":""},"class_list":["post-425","page","type-page","status-publish","has-post-thumbnail","hentry"],"_links":{"self":[{"href":"https:\/\/azerinternational.com\/en\/wp-json\/wp\/v2\/pages\/425","targetHints":{"allow":["GET"]}}],"collection":[{"href":"https:\/\/azerinternational.com\/en\/wp-json\/wp\/v2\/pages"}],"about":[{"href":"https:\/\/azerinternational.com\/en\/wp-json\/wp\/v2\/types\/page"}],"author":[{"embeddable":true,"href":"https:\/\/azerinternational.com\/en\/wp-json\/wp\/v2\/users\/1"}],"replies":[{"embeddable":true,"href":"https:\/\/azerinternational.com\/en\/wp-json\/wp\/v2\/comments?post=425"}],"version-history":[{"count":7,"href":"https:\/\/azerinternational.com\/en\/wp-json\/wp\/v2\/pages\/425\/revisions"}],"predecessor-version":[{"id":831,"href":"https:\/\/azerinternational.com\/en\/wp-json\/wp\/v2\/pages\/425\/revisions\/831"}],"wp:featuredmedia":[{"embeddable":true,"href":"https:\/\/azerinternational.com\/en\/wp-json\/wp\/v2\/media\/62"}],"wp:attachment":[{"href":"https:\/\/azerinternational.com\/en\/wp-json\/wp\/v2\/media?parent=425"}],"curies":[{"name":"wp","href":"https:\/\/api.w.org\/{rel}","templated":true}]}}