{"id":419,"date":"2019-11-15T21:38:33","date_gmt":"2019-11-15T21:38:33","guid":{"rendered":"http:\/\/azerinternational.com\/?page_id=419"},"modified":"2020-01-30T17:49:33","modified_gmt":"2020-01-30T16:49:33","slug":"nos-langues","status":"publish","type":"page","link":"https:\/\/azerinternational.com\/en\/nos-langues\/","title":{"rendered":"Nos langues"},"content":{"rendered":"<p style=\"text-align: justify;\">De part la double nationalit\u00e9 de ses fondatrices az\u00e9rie et fran\u00e7aise, le Cabinet AzerInternational s&#8217;est d&#8217;abord sp\u00e9cialis\u00e9 dans les langues az\u00e9rie et russe. Toutefois, l&#8217;objectif de la cr\u00e9ation du cabinet \u00e9tait de d\u00e9velopper un portfolio qui comprend la ma\u00eetrise d&#8217;un ensemble de langues allant des plus usuelles sur le march\u00e9 de la traduction et de l&#8217;interpr\u00e9tariat aux plus rares et donc recherch\u00e9es par les diff\u00e9rents partenaires et clients des secteurs de l&#8217;immigration et du m\u00e9dico-social.<\/p>\n\n\n<p>Au fil des ans, l&#8217;expertise d\u00e9velopp\u00e9e a concern\u00e9 une r\u00e9partition g\u00e9ographique sur les 4 principaux espaces continentaux drainant les flux migratoires vers la France, \u00e0 savoir (balayer la mappemonde avec votre curseur)  :<\/p>\n\n\n\n<p class=\"has-text-align-center\">   <!-- start Fla-shop.com HTML5 Map --> <div class='worldcountriesHtml5Mapbottom htmlMapResponsive' style='max-width:980px'><div id='worldcountries-html5-map-map-container_0' class='worldcountriesHtml5MapContainer' data-map-variable='worldcountrieshtml5map_map_0'><\/div><div style='clear:both; height: 20px;'><\/div> <style> #worldcountries-html5-map-map-container_0 { } #worldcountries-html5-map-map-container_0 .fm-tooltip-name { color: #000000; font-size: 20px; } #worldcountries-html5-map-map-container_0 .fm-tooltip-comment { } @media only screen and (max-width: 480px) { #worldcountries-html5-map-map-container_0 { float: none; width: 100%; } } <\/style><script type=\"text\/javascript\"> jQuery(function(){ var hightlighted = null; worldcountrieshtml5map_map_0 = new FlaShopWorldMap(worldcountrieshtml5map_map_cfg_1); worldcountrieshtml5map_map_0.draw('worldcountries-html5-map-map-container_0'); worldcountrieshtml5map_map_0.on('mousein', function(ev, sid, map) { if (hightlighted && sid != hightlighted) { map.stateHighlightOut(hightlighted); hightlighted = null; } }); var html5map_onclick = function(ev, sid, map) { var cfg = worldcountrieshtml5map_map_cfg_1; var link = map.fetchStateAttr(sid, 'link'); var is_group = map.fetchStateAttr(sid, 'group'); var popup_id = map.fetchStateAttr(sid, 'popup-id'); var is_group_info = false; if (typeof cfg.map_data[sid] !== 'undefined') jQuery('#worldcountries-html5-map-selector_0').val(sid); else jQuery('#worldcountries-html5-map-selector_0').val(''); if (is_group==undefined) { if (sid.substr(0,1)=='p') { popup_id = map.fetchPointAttr(sid, 'popup_id'); link = map.fetchPointAttr(sid, 'link'); } } else if (typeof cfg.groups[is_group]['ignore_link'] == 'undefined' || ! cfg.groups[is_group].ignore_link) { link = cfg.groups[is_group].link; popup_id = cfg.groups[is_group]['popup_id']; is_group_info = true; } if (link=='#popup') { if (typeof SG_POPUP_DATA == \"object\") { if (popup_id in SG_POPUP_DATA) { SGPopup.prototype.showPopup(popup_id,false); } else { jQuery.ajax({ type: 'POST', url: 'https:\/\/azerinternational.com\/index.php?worldcountrieshtml5map_get_popup', data: {popup_id:popup_id}, }).done(function(data) { jQuery('body').append(data); SGPopup.prototype.showPopup(popup_id,false); }); } } else if (typeof SGPBPopup == \"function\") { var popup = SGPBPopup.createPopupObjById(popup_id); popup.prepareOpen(); popup.open(); } return false; } if (link == '#info') { var id = is_group_info ? is_group : (sid.substr(0,1)=='p' ? sid : map.fetchStateAttr(sid, 'id')); jQuery('#worldcountries-html5-map-state-info_0').html('Loading...'); jQuery.ajax({ type: 'POST', url: 'https:\/\/azerinternational.com\/index.php?worldcountrieshtml5map_get_'+(is_group_info ? 'group' : 'state')+'_info='+id+'&map_id=1', success: function(data, textStatus, jqXHR){ jQuery('#worldcountries-html5-map-state-info_0').html(data); }, dataType: 'text' }); return false; } if (ev===null && link!='') { if (!jQuery('.html5dummilink').length) { jQuery('body').append('<a href=\"#\" class=\"html5dummilink\" style=\"display:none\"><\/a>'); } jQuery('.html5dummilink').attr('href',link).attr('target',(map.fetchStateAttr(sid, 'isNewWindow') ? '_blank' : '_self'))[0].click(); } }; worldcountrieshtml5map_map_0.on('click',html5map_onclick); }); <\/script><div id='worldcountries-html5-map-state-info_0' class='worldcountriesHtml5MapStateInfo'><\/div> <\/div> <div style='clear: both'><\/div> <!-- end HTML5 Map -->  <\/p>\n","protected":false},"excerpt":{"rendered":"<p>De part la double nationalit\u00e9 de ses fondatrices az\u00e9rie et fran\u00e7aise, le Cabinet AzerInternational s&#8217;est d&#8217;abord sp\u00e9cialis\u00e9 dans les langues az\u00e9rie et russe. Toutefois, l&#8217;objectif de la cr\u00e9ation du cabinet \u00e9tait de d\u00e9velopper un portfolio qui comprend la ma\u00eetrise d&#8217;un ensemble de langues allant des plus usuelles sur le march\u00e9 de la traduction et de&hellip;<\/p>\n","protected":false},"author":1,"featured_media":0,"parent":0,"menu_order":0,"comment_status":"closed","ping_status":"closed","template":"","meta":{"two_page_speed":[],"footnotes":""},"class_list":["post-419","page","type-page","status-publish","hentry"],"_links":{"self":[{"href":"https:\/\/azerinternational.com\/en\/wp-json\/wp\/v2\/pages\/419","targetHints":{"allow":["GET"]}}],"collection":[{"href":"https:\/\/azerinternational.com\/en\/wp-json\/wp\/v2\/pages"}],"about":[{"href":"https:\/\/azerinternational.com\/en\/wp-json\/wp\/v2\/types\/page"}],"author":[{"embeddable":true,"href":"https:\/\/azerinternational.com\/en\/wp-json\/wp\/v2\/users\/1"}],"replies":[{"embeddable":true,"href":"https:\/\/azerinternational.com\/en\/wp-json\/wp\/v2\/comments?post=419"}],"version-history":[{"count":38,"href":"https:\/\/azerinternational.com\/en\/wp-json\/wp\/v2\/pages\/419\/revisions"}],"predecessor-version":[{"id":822,"href":"https:\/\/azerinternational.com\/en\/wp-json\/wp\/v2\/pages\/419\/revisions\/822"}],"wp:attachment":[{"href":"https:\/\/azerinternational.com\/en\/wp-json\/wp\/v2\/media?parent=419"}],"curies":[{"name":"wp","href":"https:\/\/api.w.org\/{rel}","templated":true}]}}