{"id":142,"date":"2016-05-02T11:14:32","date_gmt":"2016-05-02T10:14:32","guid":{"rendered":"http:\/\/www.demo.acmethemes.com\/corporate-plus\/?page_id=58"},"modified":"2020-01-19T10:53:28","modified_gmt":"2020-01-19T09:53:28","slug":"medico-social","status":"publish","type":"page","link":"https:\/\/azerinternational.com\/en\/accueil\/articles\/medico-social\/","title":{"rendered":"Medico-social"},"content":{"rendered":"\n<p>Comme son nom compos\u00e9 l\u2019indique, les deux volets m\u00e9dical et social sont \u00e9troitement li\u00e9s et forgent une partie de l\u2019identit\u00e9 et de la culture nationale Fran\u00e7aise, celle de l\u2019ouverture et du soutien aux personnes notamment celles en difficult\u00e9. AzerInternational, s\u2019inscrit dans la continuit\u00e9 de la consolidation de cet \u00e9lan de solidarit\u00e9. R\u00e9sidents en difficult\u00e9s mais \u00e9galement primo-migrants dont les dossiers de demande d\u2019asile sont en cours d\u2019\u00e9tude font partie de la client\u00e8le direct comme indirect d\u2019AzerInternational.<\/p>\n\n\n\n<p>AzerInternational\npropose des interpr\u00e8tes sp\u00e9cialis\u00e9s poss\u00e9dant une expertise affut\u00e9e dans les\nmilieux socio-m\u00e9dicaux et les comp\u00e9tences requises pour r\u00e9pondre aux attentes des\nprofessionnels de sant\u00e9. Ils interviennent par t\u00e9l\u00e9phone et en d\u00e9placement pour\ndes m\u00e9decins, psychologues, psychiatres, kin\u00e9sith\u00e9rapeutes, infirmi\u00e8res et\ntravailleurs sociaux des h\u00f4pitaux, centres medico-psychologiques, associations\nd&#8217;accueil ou de soutien de migrants (CADA, CAO,&#8230;). <\/p>\n\n\n\n<p><\/p>\n","protected":false},"excerpt":{"rendered":"<p>Nous vous accompagnons<\/p>\n","protected":false},"author":1,"featured_media":395,"parent":140,"menu_order":1,"comment_status":"closed","ping_status":"closed","template":"","meta":{"two_page_speed":[],"footnotes":""},"class_list":["post-142","page","type-page","status-publish","has-post-thumbnail","hentry"],"_links":{"self":[{"href":"https:\/\/azerinternational.com\/en\/wp-json\/wp\/v2\/pages\/142","targetHints":{"allow":["GET"]}}],"collection":[{"href":"https:\/\/azerinternational.com\/en\/wp-json\/wp\/v2\/pages"}],"about":[{"href":"https:\/\/azerinternational.com\/en\/wp-json\/wp\/v2\/types\/page"}],"author":[{"embeddable":true,"href":"https:\/\/azerinternational.com\/en\/wp-json\/wp\/v2\/users\/1"}],"replies":[{"embeddable":true,"href":"https:\/\/azerinternational.com\/en\/wp-json\/wp\/v2\/comments?post=142"}],"version-history":[{"count":9,"href":"https:\/\/azerinternational.com\/en\/wp-json\/wp\/v2\/pages\/142\/revisions"}],"predecessor-version":[{"id":707,"href":"https:\/\/azerinternational.com\/en\/wp-json\/wp\/v2\/pages\/142\/revisions\/707"}],"up":[{"embeddable":true,"href":"https:\/\/azerinternational.com\/en\/wp-json\/wp\/v2\/pages\/140"}],"wp:featuredmedia":[{"embeddable":true,"href":"https:\/\/azerinternational.com\/en\/wp-json\/wp\/v2\/media\/395"}],"wp:attachment":[{"href":"https:\/\/azerinternational.com\/en\/wp-json\/wp\/v2\/media?parent=142"}],"curies":[{"name":"wp","href":"https:\/\/api.w.org\/{rel}","templated":true}]}}